{"id":404,"date":"2021-01-18T09:46:40","date_gmt":"2021-01-18T08:46:40","guid":{"rendered":"http:\/\/gussander.se\/?page_id=404"},"modified":"2026-01-26T15:34:21","modified_gmt":"2026-01-26T14:34:21","slug":"valkommen","status":"publish","type":"page","link":"https:\/\/gussander.se\/","title":{"rendered":"Hem"},"content":{"rendered":"\n<h2 class=\"wp-block-heading has-text-align-center\">V\u00e4lkommen till v\u00e5r Web-plats<\/h2>\n\n\n<div class=\"wp-block-image is-resized\">\n<figure class=\"aligncenter size-large\"><a href=\"http:\/\/gussander.se\/wp-content\/uploads\/124.jpg\"><img loading=\"lazy\" decoding=\"async\" width=\"640\" height=\"427\" src=\"http:\/\/gussander.se\/wp-content\/uploads\/124.jpg\" alt=\"\" class=\"wp-image-352\" srcset=\"https:\/\/gussander.se\/wp-content\/uploads\/124.jpg 640w, https:\/\/gussander.se\/wp-content\/uploads\/124-300x200.jpg 300w, https:\/\/gussander.se\/wp-content\/uploads\/124-150x100.jpg 150w, https:\/\/gussander.se\/wp-content\/uploads\/124-400x267.jpg 400w\" sizes=\"auto, (max-width: 640px) 100vw, 640px\" \/><\/a><figcaption class=\"wp-element-caption\">Tyres\u00f6skogarna<\/figcaption><\/figure>\n<\/div>\n\n<div class=\"wp-block-image is-resized\">\n<figure class=\"aligncenter size-large\"><a href=\"http:\/\/gussander.se\/wp-content\/uploads\/72.jpg\"><img loading=\"lazy\" decoding=\"async\" width=\"640\" height=\"360\" src=\"http:\/\/gussander.se\/wp-content\/uploads\/72-edited.jpg\" alt=\"\" class=\"wp-image-408\" srcset=\"https:\/\/gussander.se\/wp-content\/uploads\/72-edited.jpg 640w, https:\/\/gussander.se\/wp-content\/uploads\/72-edited-300x169.jpg 300w, https:\/\/gussander.se\/wp-content\/uploads\/72-edited-150x84.jpg 150w, https:\/\/gussander.se\/wp-content\/uploads\/72-edited-400x225.jpg 400w\" sizes=\"auto, (max-width: 640px) 100vw, 640px\" \/><\/a><figcaption class=\"wp-element-caption\">Fuerteventura<\/figcaption><\/figure>\n<\/div>\n\n\n<p><\/p>\n","protected":false},"excerpt":{"rendered":"<p> V\u00e4lkommen till v\u00e5r Web-plats Tyres\u00f6skogarna Fuerteventura <\/p>\n","protected":false},"author":1,"featured_media":0,"parent":0,"menu_order":0,"comment_status":"closed","ping_status":"closed","template":"","meta":{"pgc_sgb_lightbox_settings":"","footnotes":""},"class_list":["post-404","page","type-page","status-publish","hentry","odd"],"_links":{"self":[{"href":"https:\/\/gussander.se\/index.php?rest_route=\/wp\/v2\/pages\/404","targetHints":{"allow":["GET"]}}],"collection":[{"href":"https:\/\/gussander.se\/index.php?rest_route=\/wp\/v2\/pages"}],"about":[{"href":"https:\/\/gussander.se\/index.php?rest_route=\/wp\/v2\/types\/page"}],"author":[{"embeddable":true,"href":"https:\/\/gussander.se\/index.php?rest_route=\/wp\/v2\/users\/1"}],"replies":[{"embeddable":true,"href":"https:\/\/gussander.se\/index.php?rest_route=%2Fwp%2Fv2%2Fcomments&post=404"}],"version-history":[{"count":18,"href":"https:\/\/gussander.se\/index.php?rest_route=\/wp\/v2\/pages\/404\/revisions"}],"predecessor-version":[{"id":491,"href":"https:\/\/gussander.se\/index.php?rest_route=\/wp\/v2\/pages\/404\/revisions\/491"}],"wp:attachment":[{"href":"https:\/\/gussander.se\/index.php?rest_route=%2Fwp%2Fv2%2Fmedia&parent=404"}],"curies":[{"name":"wp","href":"https:\/\/api.w.org\/{rel}","templated":true}]}}